{"id":1717,"date":"2024-12-05T11:57:51","date_gmt":"2024-12-05T10:57:51","guid":{"rendered":"https:\/\/www.stephanus-voices.de\/?page_id=1717"},"modified":"2024-12-05T11:57:53","modified_gmt":"2024-12-05T10:57:53","slug":"stadtteilwoche-hoerproben","status":"publish","type":"page","link":"https:\/\/www.stephanus-voices.de\/index.php\/stadtteilwoche-hoerproben\/","title":{"rendered":"Stadtteilwoche: H\u00f6rproben"},"content":{"rendered":"<div  class=\"tatsu-rJ-TvDEFDO tatsu-section  tatsu-bg-overlay   tatsu-clearfix\" data-title=\"\"  data-headerscheme=\"background--dark\"><div class='tatsu-section-pad clearfix' data-padding='{\"d\":\"2% 0% 0% 0%\"}' data-padding-top='2%'><div class=\"tatsu-row-wrap  tatsu-row-full-width tatsu-row-has-one-half tatsu-row-has-three-cols tatsu-medium-gutter tatsu-reg-cols  tatsu-clearfix tatsu-HkKm5SCQ1g\" ><div  class=\"tatsu-row \" ><div  class=\"tatsu-column  tatsu-bg-overlay tatsu-column-empty tatsu-one-fourth tatsu-hide-mobile tatsu-column-image-none tatsu-column-effect-none  tatsu-H1lK7qBRX1e\"  data-parallax-speed=\"0\" style=\"\"><div class=\"tatsu-column-inner \" ><div class=\"tatsu-column-pad-wrap\"><div class=\"tatsu-column-pad\" ><\/div><\/div><div class = \"tatsu-column-bg-image-wrap\"><div class = \"tatsu-column-bg-image\" ><\/div><\/div><div class=\"tatsu-overlay tatsu-column-overlay tatsu-animate-none\" ><\/div><\/div><style>.tatsu-row > .tatsu-H1lK7qBRX1e.tatsu-column{width: 10%;}.tatsu-H1lK7qBRX1e.tatsu-column > .tatsu-column-inner > .tatsu-column-overlay{mix-blend-mode: normal;}.tatsu-H1lK7qBRX1e > .tatsu-column-inner > .tatsu-top-divider{z-index: 9999;}.tatsu-H1lK7qBRX1e > .tatsu-column-inner > .tatsu-bottom-divider{z-index: 9999;}.tatsu-H1lK7qBRX1e > .tatsu-column-inner > .tatsu-left-divider{z-index: 9999;}.tatsu-H1lK7qBRX1e > .tatsu-column-inner > .tatsu-right-divider{z-index: 9999;}@media only screen and (max-width:1377px) {.tatsu-row > .tatsu-H1lK7qBRX1e.tatsu-column{width: 10%;}}@media only screen and (min-width:768px) and (max-width: 1024px) {.tatsu-row > .tatsu-H1lK7qBRX1e.tatsu-column{width: 10%;}}@media only screen and (max-width: 767px) {.tatsu-row > .tatsu-H1lK7qBRX1e.tatsu-column{width: 100%;}}<\/style><\/div><div  class=\"tatsu-column  tatsu-bg-overlay tatsu-one-half tatsu-column-image-none tatsu-column-effect-none  tatsu-BJx2mcHR7kg\"  data-parallax-speed=\"0\" style=\"\"><div class=\"tatsu-column-inner \" ><div class=\"tatsu-column-pad-wrap\"><div class=\"tatsu-column-pad\" ><div  class=\"tatsu-module tatsu-text-block-wrap tatsu-SyLjPNKP_  \"><div class=\"tatsu-text-inner tatsu-align-center  clearfix\" ><style>.tatsu-SyLjPNKP_.tatsu-text-block-wrap .tatsu-text-inner{width: 100%;text-align: left;}<\/style>\n<h1><strong>H\u00f6rproben<\/strong><\/h1>\n<\/div><\/div><div id = \"\" class=\"tatsu-code tatsu-module tatsu-S13m8ZJV1x   \"  ><iframe loading=\"lazy\" width=\"100%\" height=\"600\" scrolling=\"no\" frameborder=\"no\" allow=\"autoplay\" src=\"https:\/\/w.soundcloud.com\/player\/?url=https%3A\/\/api.soundcloud.com\/playlists\/1918213115%3Fsecret_token%3Ds-MODbm2wUE4r&#038;color=%23ff5500&#038;auto_play=false&#038;hide_related=false&#038;show_comments=true&#038;show_user=true&#038;show_reposts=false&#038;show_teaser=true\"><\/iframe><\/p>\n<div style=\"font-size: 10px; color: #cccccc;line-break: anywhere;word-break: normal;overflow: hidden;white-space: nowrap;text-overflow: ellipsis; font-family: Interstate,Lucida Grande,Lucida Sans Unicode,Lucida Sans,Garuda,Verdana,Tahoma,sans-serif;font-weight: 100;\"><a href=\"https:\/\/soundcloud.com\/user-47361198\" title=\"Stephanus Voices\" target=\"_blank\" style=\"color: #cccccc; text-decoration: none;\">Stephanus Voices<\/a> \u00b7 <a href=\"https:\/\/soundcloud.com\/user-47361198\/sets\/horproben-stadtteilwoche\" title=\"H\u00f6rproben\" target=\"_blank\" style=\"color: #cccccc; text-decoration: none;\">H\u00f6rproben<\/a><\/div>\n<\/div><\/div><\/div><div class = \"tatsu-column-bg-image-wrap\"><div class = \"tatsu-column-bg-image\" ><\/div><\/div><div class=\"tatsu-overlay tatsu-column-overlay tatsu-animate-none\" ><\/div><\/div><style>.tatsu-row > .tatsu-BJx2mcHR7kg.tatsu-column{width: 79.99%;}.tatsu-BJx2mcHR7kg.tatsu-column > .tatsu-column-inner > .tatsu-column-overlay{mix-blend-mode: normal;}.tatsu-BJx2mcHR7kg > .tatsu-column-inner > .tatsu-top-divider{z-index: 9999;}.tatsu-BJx2mcHR7kg > .tatsu-column-inner > .tatsu-bottom-divider{z-index: 9999;}.tatsu-BJx2mcHR7kg > .tatsu-column-inner > .tatsu-left-divider{z-index: 9999;}.tatsu-BJx2mcHR7kg > .tatsu-column-inner > .tatsu-right-divider{z-index: 9999;}@media only screen and (max-width:1377px) {.tatsu-row > .tatsu-BJx2mcHR7kg.tatsu-column{width: 80%;}}@media only screen and (min-width:768px) and (max-width: 1024px) {.tatsu-row > .tatsu-BJx2mcHR7kg.tatsu-column{width: 80%;}}@media only screen and (max-width: 767px) {.tatsu-row > .tatsu-BJx2mcHR7kg.tatsu-column{width: 100%;}}<\/style><\/div><div  class=\"tatsu-column  tatsu-bg-overlay tatsu-column-empty tatsu-one-fourth tatsu-column-image-none tatsu-column-effect-none  tatsu-HkW3X9H0XJe\"  data-parallax-speed=\"0\" style=\"\"><div class=\"tatsu-column-inner \" ><div class=\"tatsu-column-pad-wrap\"><div class=\"tatsu-column-pad\" ><\/div><\/div><div class = \"tatsu-column-bg-image-wrap\"><div class = \"tatsu-column-bg-image\" ><\/div><\/div><div class=\"tatsu-overlay tatsu-column-overlay tatsu-animate-none\" ><\/div><\/div><style>.tatsu-row > .tatsu-HkW3X9H0XJe.tatsu-column{width: 10%;}.tatsu-HkW3X9H0XJe.tatsu-column > .tatsu-column-inner > .tatsu-column-overlay{mix-blend-mode: normal;}.tatsu-HkW3X9H0XJe > .tatsu-column-inner > .tatsu-top-divider{z-index: 9999;}.tatsu-HkW3X9H0XJe > .tatsu-column-inner > .tatsu-bottom-divider{z-index: 9999;}.tatsu-HkW3X9H0XJe > .tatsu-column-inner > .tatsu-left-divider{z-index: 9999;}.tatsu-HkW3X9H0XJe > .tatsu-column-inner > .tatsu-right-divider{z-index: 9999;}@media only screen and (max-width:1377px) {.tatsu-row > .tatsu-HkW3X9H0XJe.tatsu-column{width: 10%;}}@media only screen and (min-width:768px) and (max-width: 1024px) {.tatsu-row > .tatsu-HkW3X9H0XJe.tatsu-column{width: 10%;}}@media only screen and (max-width: 767px) {.tatsu-row > .tatsu-HkW3X9H0XJe.tatsu-column{width: 100%;}}<\/style><\/div><\/div><\/div><div class=\"tatsu-row-wrap  tatsu-wrap tatsu-row-one-col tatsu-row-has-one-cols tatsu-medium-gutter tatsu-reg-cols  tatsu-clearfix tatsu-HJgyyIWJN1x\" ><div  class=\"tatsu-row \" ><div  class=\"tatsu-column  tatsu-bg-overlay tatsu-column-empty tatsu-one-col tatsu-column-image-none tatsu-column-effect-none  tatsu-Hy11UWyNke\"  data-parallax-speed=\"0\" style=\"\"><div class=\"tatsu-column-inner \" ><div class=\"tatsu-column-pad-wrap\"><div class=\"tatsu-column-pad\" ><\/div><\/div><div class = \"tatsu-column-bg-image-wrap\"><div class = \"tatsu-column-bg-image\" ><\/div><\/div><div class=\"tatsu-overlay tatsu-column-overlay tatsu-animate-none\" ><\/div><\/div><style>.tatsu-row > .tatsu-Hy11UWyNke.tatsu-column{width: 100%;}.tatsu-Hy11UWyNke.tatsu-column > .tatsu-column-inner > .tatsu-column-overlay{mix-blend-mode: normal;}.tatsu-Hy11UWyNke > .tatsu-column-inner > .tatsu-top-divider{z-index: 9999;}.tatsu-Hy11UWyNke > .tatsu-column-inner > .tatsu-bottom-divider{z-index: 9999;}.tatsu-Hy11UWyNke > .tatsu-column-inner > .tatsu-left-divider{z-index: 9999;}.tatsu-Hy11UWyNke > .tatsu-column-inner > .tatsu-right-divider{z-index: 9999;}@media only screen and (max-width:1377px) {.tatsu-row > .tatsu-Hy11UWyNke.tatsu-column{width: 100%;}}@media only screen and (min-width:768px) and (max-width: 1024px) {.tatsu-row > .tatsu-Hy11UWyNke.tatsu-column{width: 100%;}}@media only screen and (max-width: 767px) {.tatsu-row > .tatsu-Hy11UWyNke.tatsu-column{width: 100%;}}<\/style><\/div><\/div><\/div><\/div><div class=\"tatsu-section-background-wrap\"><div class = \"tatsu-section-background\" ><\/div><\/div><div class=\"tatsu-overlay tatsu-section-overlay\"><\/div><style>.tatsu-rJ-TvDEFDO .tatsu-section-pad{padding: 2% 0% 0% 0%;}.tatsu-rJ-TvDEFDO .tatsu-section-offset-wrap{transform: translateY(-0px);}.tatsu-rJ-TvDEFDO > .tatsu-bottom-divider{z-index: 9999;}.tatsu-rJ-TvDEFDO > .tatsu-top-divider{z-index: 9999;}.tatsu-rJ-TvDEFDO .tatsu-section-overlay{mix-blend-mode: normal;}<\/style><\/div>\n","protected":false},"excerpt":{"rendered":"<p><a href=\"https:\/\/www.stephanus-voices.de\/index.php\/stadtteilwoche-hoerproben\/\" class=\"more-link style1-button\">Weiterlesen<\/a><\/p>","protected":false},"author":5,"featured_media":0,"parent":0,"menu_order":0,"comment_status":"closed","ping_status":"closed","template":"","meta":{"footnotes":""},"class_list":["post-1717","page","type-page","status-publish","hentry"],"yoast_head":"<!-- This site is optimized with the Yoast SEO plugin v27.5 - https:\/\/yoast.com\/product\/yoast-seo-wordpress\/ -->\n<title>Stadtteilwoche: H\u00f6rproben - Gospelchor Stephanus Voices<\/title>\n<meta name=\"robots\" content=\"index, follow, max-snippet:-1, max-image-preview:large, max-video-preview:-1\" \/>\n<link rel=\"canonical\" href=\"https:\/\/www.stephanus-voices.de\/index.php\/stadtteilwoche-hoerproben\/\" \/>\n<meta property=\"og:locale\" content=\"de_DE\" \/>\n<meta property=\"og:type\" content=\"article\" \/>\n<meta property=\"og:title\" content=\"Stadtteilwoche: H\u00f6rproben - Gospelchor Stephanus Voices\" \/>\n<meta property=\"og:url\" content=\"https:\/\/www.stephanus-voices.de\/index.php\/stadtteilwoche-hoerproben\/\" \/>\n<meta property=\"og:site_name\" content=\"Gospelchor Stephanus Voices\" \/>\n<meta property=\"article:publisher\" content=\"https:\/\/www.facebook.com\/StephanusVoices\/\" \/>\n<meta property=\"article:modified_time\" content=\"2024-12-05T10:57:53+00:00\" \/>\n<meta name=\"twitter:card\" content=\"summary_large_image\" \/>\n<meta name=\"twitter:label1\" content=\"Gesch\u00e4tzte Lesezeit\" \/>\n\t<meta name=\"twitter:data1\" content=\"5\u00a0Minuten\" \/>\n<script type=\"application\/ld+json\" class=\"yoast-schema-graph\">{\"@context\":\"https:\\\/\\\/schema.org\",\"@graph\":[{\"@type\":\"WebPage\",\"@id\":\"https:\\\/\\\/www.stephanus-voices.de\\\/index.php\\\/stadtteilwoche-hoerproben\\\/\",\"url\":\"https:\\\/\\\/www.stephanus-voices.de\\\/index.php\\\/stadtteilwoche-hoerproben\\\/\",\"name\":\"Stadtteilwoche: H\u00f6rproben - Gospelchor Stephanus Voices\",\"isPartOf\":{\"@id\":\"https:\\\/\\\/www.stephanus-voices.de\\\/#website\"},\"datePublished\":\"2024-12-05T10:57:51+00:00\",\"dateModified\":\"2024-12-05T10:57:53+00:00\",\"breadcrumb\":{\"@id\":\"https:\\\/\\\/www.stephanus-voices.de\\\/index.php\\\/stadtteilwoche-hoerproben\\\/#breadcrumb\"},\"inLanguage\":\"de\",\"potentialAction\":[{\"@type\":\"ReadAction\",\"target\":[\"https:\\\/\\\/www.stephanus-voices.de\\\/index.php\\\/stadtteilwoche-hoerproben\\\/\"]}]},{\"@type\":\"BreadcrumbList\",\"@id\":\"https:\\\/\\\/www.stephanus-voices.de\\\/index.php\\\/stadtteilwoche-hoerproben\\\/#breadcrumb\",\"itemListElement\":[{\"@type\":\"ListItem\",\"position\":1,\"name\":\"Start\",\"item\":\"https:\\\/\\\/www.stephanus-voices.de\\\/\"},{\"@type\":\"ListItem\",\"position\":2,\"name\":\"Stadtteilwoche: H\u00f6rproben\"}]},{\"@type\":\"WebSite\",\"@id\":\"https:\\\/\\\/www.stephanus-voices.de\\\/#website\",\"url\":\"https:\\\/\\\/www.stephanus-voices.de\\\/\",\"name\":\"Gospelchor Stephanus Voices\",\"description\":\"Mitrei\u00dfender Gospelgesang aus M\u00fcnchen mit mehr als 50 singenden und swingenden Stimmen. Gefragter Chor f\u00fcr Hochzeiten, Taufen und Events.\",\"potentialAction\":[{\"@type\":\"SearchAction\",\"target\":{\"@type\":\"EntryPoint\",\"urlTemplate\":\"https:\\\/\\\/www.stephanus-voices.de\\\/?s={search_term_string}\"},\"query-input\":{\"@type\":\"PropertyValueSpecification\",\"valueRequired\":true,\"valueName\":\"search_term_string\"}}],\"inLanguage\":\"de\"}]}<\/script>\n<!-- \/ Yoast SEO plugin. -->","yoast_head_json":{"title":"Stadtteilwoche: H\u00f6rproben - Gospelchor Stephanus Voices","robots":{"index":"index","follow":"follow","max-snippet":"max-snippet:-1","max-image-preview":"max-image-preview:large","max-video-preview":"max-video-preview:-1"},"canonical":"https:\/\/www.stephanus-voices.de\/index.php\/stadtteilwoche-hoerproben\/","og_locale":"de_DE","og_type":"article","og_title":"Stadtteilwoche: H\u00f6rproben - Gospelchor Stephanus Voices","og_url":"https:\/\/www.stephanus-voices.de\/index.php\/stadtteilwoche-hoerproben\/","og_site_name":"Gospelchor Stephanus Voices","article_publisher":"https:\/\/www.facebook.com\/StephanusVoices\/","article_modified_time":"2024-12-05T10:57:53+00:00","twitter_card":"summary_large_image","twitter_misc":{"Gesch\u00e4tzte Lesezeit":"5\u00a0Minuten"},"schema":{"@context":"https:\/\/schema.org","@graph":[{"@type":"WebPage","@id":"https:\/\/www.stephanus-voices.de\/index.php\/stadtteilwoche-hoerproben\/","url":"https:\/\/www.stephanus-voices.de\/index.php\/stadtteilwoche-hoerproben\/","name":"Stadtteilwoche: H\u00f6rproben - Gospelchor Stephanus Voices","isPartOf":{"@id":"https:\/\/www.stephanus-voices.de\/#website"},"datePublished":"2024-12-05T10:57:51+00:00","dateModified":"2024-12-05T10:57:53+00:00","breadcrumb":{"@id":"https:\/\/www.stephanus-voices.de\/index.php\/stadtteilwoche-hoerproben\/#breadcrumb"},"inLanguage":"de","potentialAction":[{"@type":"ReadAction","target":["https:\/\/www.stephanus-voices.de\/index.php\/stadtteilwoche-hoerproben\/"]}]},{"@type":"BreadcrumbList","@id":"https:\/\/www.stephanus-voices.de\/index.php\/stadtteilwoche-hoerproben\/#breadcrumb","itemListElement":[{"@type":"ListItem","position":1,"name":"Start","item":"https:\/\/www.stephanus-voices.de\/"},{"@type":"ListItem","position":2,"name":"Stadtteilwoche: H\u00f6rproben"}]},{"@type":"WebSite","@id":"https:\/\/www.stephanus-voices.de\/#website","url":"https:\/\/www.stephanus-voices.de\/","name":"Gospelchor Stephanus Voices","description":"Mitrei\u00dfender Gospelgesang aus M\u00fcnchen mit mehr als 50 singenden und swingenden Stimmen. Gefragter Chor f\u00fcr Hochzeiten, Taufen und Events.","potentialAction":[{"@type":"SearchAction","target":{"@type":"EntryPoint","urlTemplate":"https:\/\/www.stephanus-voices.de\/?s={search_term_string}"},"query-input":{"@type":"PropertyValueSpecification","valueRequired":true,"valueName":"search_term_string"}}],"inLanguage":"de"}]}},"_links":{"self":[{"href":"https:\/\/www.stephanus-voices.de\/index.php\/wp-json\/wp\/v2\/pages\/1717","targetHints":{"allow":["GET"]}}],"collection":[{"href":"https:\/\/www.stephanus-voices.de\/index.php\/wp-json\/wp\/v2\/pages"}],"about":[{"href":"https:\/\/www.stephanus-voices.de\/index.php\/wp-json\/wp\/v2\/types\/page"}],"author":[{"embeddable":true,"href":"https:\/\/www.stephanus-voices.de\/index.php\/wp-json\/wp\/v2\/users\/5"}],"replies":[{"embeddable":true,"href":"https:\/\/www.stephanus-voices.de\/index.php\/wp-json\/wp\/v2\/comments?post=1717"}],"version-history":[{"count":2,"href":"https:\/\/www.stephanus-voices.de\/index.php\/wp-json\/wp\/v2\/pages\/1717\/revisions"}],"predecessor-version":[{"id":1719,"href":"https:\/\/www.stephanus-voices.de\/index.php\/wp-json\/wp\/v2\/pages\/1717\/revisions\/1719"}],"wp:attachment":[{"href":"https:\/\/www.stephanus-voices.de\/index.php\/wp-json\/wp\/v2\/media?parent=1717"}],"curies":[{"name":"wp","href":"https:\/\/api.w.org\/{rel}","templated":true}]}}