{"id":183,"date":"2021-04-28T10:50:44","date_gmt":"2021-04-28T08:50:44","guid":{"rendered":"https:\/\/voices.tauschinski.com\/?page_id=183"},"modified":"2021-06-03T00:31:41","modified_gmt":"2021-06-02T22:31:41","slug":"pressestimmen","status":"publish","type":"page","link":"https:\/\/www.stephanus-voices.de\/index.php\/pressestimmen\/","title":{"rendered":"Baustein Pressestimmen"},"content":{"rendered":"<div  class=\"tatsu-BJbleMj8Pu tatsu-section  tatsu-bg-overlay   tatsu-clearfix\" data-title=\"\"  data-headerscheme=\"background--dark\"><div class='tatsu-section-pad clearfix' data-padding='{\"d\":\"4% 0px 4% 0px\"}' data-padding-top='4%'><div class=\"tatsu-row-wrap  tatsu-wrap tatsu-row-one-col tatsu-row-has-one-cols tatsu-medium-gutter tatsu-reg-cols  tatsu-clearfix tatsu-HkgxezsLwu\" ><div  class=\"tatsu-row \" ><div  class=\"tatsu-column  tatsu-bg-overlay tatsu-one-col tatsu-column-image-none tatsu-column-effect-none  tatsu-rklxGsIPu\"  data-parallax-speed=\"0\" style=\"\"><div class=\"tatsu-column-inner \" ><div class=\"tatsu-column-pad-wrap\"><div class=\"tatsu-column-pad\" ><div  class=\"tatsu-module tatsu-text-block-wrap tatsu-HypbMjLP_  \"><div class=\"tatsu-text-inner tatsu-align-center  clearfix\" ><style>.tatsu-HypbMjLP_.tatsu-text-block-wrap .tatsu-text-inner{width: 100%;text-align: left;}.tatsu-HypbMjLP_.tatsu-text-block-wrap{margin: 0px 0px 10px 0px;}<\/style>\n<h2 style=\"text-align: center;\">Das sagt unser Publikum \u00fcber uns<\/h2>\n<\/div><\/div><div  class=\"tatsu-ryb0KfiIPO testimonials_wrap oshine-module\"  ><div class=\"testimonials-slides\"><div class=\"clearfix testimonial_module slides center-content\" data-slide-show=\"1\" data-slide-show-speed=\"6000\" data-slide-animation-type=\"slide\" data-pagination=\"1\"><div class=\"testimonial_slide slide clearfix tatsu-rkRKGsUvd\"><div class=\"testimonial_slide_inner\"><i class=\"font-icon icon-quote\" ><\/i><div class=\"testimonial-content\">\n<p>\u2026 uns fehlen die Worte. Sie haben unseren Gottesdienst mit all Ihrer h\u00f6rbaren Freude und Liebe zum sch\u00f6nsten Ereignis unseres Lebens gemacht! Wir sind zutiefst dankbar und ber\u00fchrt, wie wundervoll Sie mit uns waren!!! Es war einfach unbeschreiblich. Dieser Tag und Sie bleiben in unseren Herzen, ein wahres Geschenk vom Himmel \u2026<\/p>\n<\/div><div class=\"testimonial-author-info-wrap clearfix\"><div class=\"testimonial-author-info\"><\/div><\/div><\/div><style>.tatsu-rkRKGsUvd .icon-quote{color: rgba(200,0,0,1) ;}<\/style><\/div><div class=\"testimonial_slide slide clearfix tatsu-rJg0KMsIDd\"><div class=\"testimonial_slide_inner\"><i class=\"font-icon icon-quote\" ><\/i><div class=\"testimonial-content\">\n<p>\u2026 vielen Dank f\u00fcr die musikalische Umrahmung bei unserer Hochzeit, es war ein Highlight und wir sind immer noch ganz begeistert von der Stimmung, die die Stephanus Voices gezaubert haben \u2026<\/p>\n<\/div><div class=\"testimonial-author-info-wrap clearfix\"><div class=\"testimonial-author-info\"><\/div><\/div><\/div><style>.tatsu-rJg0KMsIDd .icon-quote{color: rgba(200,0,0,1) ;}<\/style><\/div><div class=\"testimonial_slide slide clearfix tatsu-S15bpaqFO\"><div class=\"testimonial_slide_inner\"><i class=\"font-icon icon-quote\" ><\/i><div class=\"testimonial-content\">\n<p>\u2026 Schon beim ersten Ton hatte ich G\u00e4nsehaut am ganzen K\u00f6rper!! Ihr habt mich und auch sehr viele der G\u00e4ste wirklich emotional tief ber\u00fchrt mit eurem Gesang &#8230;<\/p>\n<\/div><div class=\"testimonial-author-info-wrap clearfix\"><div class=\"testimonial-author-info\"><\/div><\/div><\/div><style>.tatsu-S15bpaqFO .icon-quote{color: rgba(200,0,0,1) ;}<\/style><\/div><div class=\"testimonial_slide slide clearfix tatsu-HJa46acFu\"><div class=\"testimonial_slide_inner\"><i class=\"font-icon icon-quote\" ><\/i><div class=\"testimonial-content\">\n<p>\u2026 so viel Lob, Anerkennung und Freude hat Ihr wundervoller Gospel Gesang bei den Hochzeitsg\u00e4sten ausgel\u00f6st, wir haben immer wieder und lange davon gesprochen und der eine oder andere denkt auch an eine Buchung bei einem Event \u2026<\/p>\n<\/div><div class=\"testimonial-author-info-wrap clearfix\"><div class=\"testimonial-author-info\"><\/div><\/div><\/div><style>.tatsu-HJa46acFu .icon-quote{color: rgba(200,0,0,1) ;}<\/style><\/div><\/div><\/div><style>.tatsu-ryb0KfiIPO .testimonial-content{font-size: 28px;}<\/style><\/div><\/div><\/div><div class = \"tatsu-column-bg-image-wrap\"><div class = \"tatsu-column-bg-image\" ><\/div><\/div><div class=\"tatsu-overlay tatsu-column-overlay tatsu-animate-none\" ><\/div><\/div><style>.tatsu-row > .tatsu-rklxGsIPu.tatsu-column{width: 100%;}.tatsu-rklxGsIPu.tatsu-column > .tatsu-column-inner > .tatsu-column-overlay{mix-blend-mode: normal;}.tatsu-rklxGsIPu > .tatsu-column-inner > .tatsu-top-divider{z-index: 9999;}.tatsu-rklxGsIPu > .tatsu-column-inner > .tatsu-bottom-divider{z-index: 9999;}.tatsu-rklxGsIPu > .tatsu-column-inner > .tatsu-left-divider{z-index: 9999;}.tatsu-rklxGsIPu > .tatsu-column-inner > .tatsu-right-divider{z-index: 9999;}@media only screen and (max-width:1377px) {.tatsu-row > .tatsu-rklxGsIPu.tatsu-column{width: 100%;}}@media only screen and (min-width:768px) and (max-width: 1024px) {.tatsu-row > .tatsu-rklxGsIPu.tatsu-column{width: 100%;}}@media only screen and (max-width: 767px) {.tatsu-row > .tatsu-rklxGsIPu.tatsu-column{width: 100%;}}<\/style><\/div><\/div><\/div><\/div><div class=\"tatsu-section-background-wrap\"><div class = \"tatsu-section-background\" ><\/div><\/div><div class=\"tatsu-overlay tatsu-section-overlay\"><\/div><style>.tatsu-BJbleMj8Pu .tatsu-section-pad{padding: 4% 0px 4% 0px;}.tatsu-BJbleMj8Pu .tatsu-section-offset-wrap{transform: translateY(-0px);}.tatsu-BJbleMj8Pu > .tatsu-bottom-divider{z-index: 9999;}.tatsu-BJbleMj8Pu > .tatsu-top-divider{z-index: 9999;}.tatsu-BJbleMj8Pu .tatsu-section-overlay{mix-blend-mode: normal;}<\/style><\/div>\n","protected":false},"excerpt":{"rendered":"<p><a href=\"https:\/\/www.stephanus-voices.de\/index.php\/pressestimmen\/\" class=\"more-link style1-button\">Weiterlesen<\/a><\/p>","protected":false},"author":1,"featured_media":0,"parent":0,"menu_order":0,"comment_status":"closed","ping_status":"closed","template":"","meta":{"footnotes":""},"class_list":["post-183","page","type-page","status-publish","hentry"],"yoast_head":"<!-- This site is optimized with the Yoast SEO plugin v27.5 - https:\/\/yoast.com\/product\/yoast-seo-wordpress\/ -->\n<title>Baustein Pressestimmen - Gospelchor Stephanus Voices<\/title>\n<meta name=\"robots\" content=\"index, follow, max-snippet:-1, max-image-preview:large, max-video-preview:-1\" \/>\n<link rel=\"canonical\" href=\"https:\/\/www.stephanus-voices.de\/index.php\/pressestimmen\/\" \/>\n<meta property=\"og:locale\" content=\"de_DE\" \/>\n<meta property=\"og:type\" content=\"article\" \/>\n<meta property=\"og:title\" content=\"Baustein Pressestimmen - Gospelchor Stephanus Voices\" \/>\n<meta property=\"og:url\" content=\"https:\/\/www.stephanus-voices.de\/index.php\/pressestimmen\/\" \/>\n<meta property=\"og:site_name\" content=\"Gospelchor Stephanus Voices\" \/>\n<meta property=\"article:publisher\" content=\"https:\/\/www.facebook.com\/StephanusVoices\/\" \/>\n<meta property=\"article:modified_time\" content=\"2021-06-02T22:31:41+00:00\" \/>\n<meta name=\"twitter:card\" content=\"summary_large_image\" \/>\n<meta name=\"twitter:label1\" content=\"Gesch\u00e4tzte Lesezeit\" \/>\n\t<meta name=\"twitter:data1\" content=\"4\u00a0Minuten\" \/>\n<script type=\"application\/ld+json\" class=\"yoast-schema-graph\">{\"@context\":\"https:\\\/\\\/schema.org\",\"@graph\":[{\"@type\":\"WebPage\",\"@id\":\"https:\\\/\\\/www.stephanus-voices.de\\\/index.php\\\/pressestimmen\\\/\",\"url\":\"https:\\\/\\\/www.stephanus-voices.de\\\/index.php\\\/pressestimmen\\\/\",\"name\":\"Baustein Pressestimmen - Gospelchor Stephanus Voices\",\"isPartOf\":{\"@id\":\"https:\\\/\\\/www.stephanus-voices.de\\\/#website\"},\"datePublished\":\"2021-04-28T08:50:44+00:00\",\"dateModified\":\"2021-06-02T22:31:41+00:00\",\"breadcrumb\":{\"@id\":\"https:\\\/\\\/www.stephanus-voices.de\\\/index.php\\\/pressestimmen\\\/#breadcrumb\"},\"inLanguage\":\"de\",\"potentialAction\":[{\"@type\":\"ReadAction\",\"target\":[\"https:\\\/\\\/www.stephanus-voices.de\\\/index.php\\\/pressestimmen\\\/\"]}]},{\"@type\":\"BreadcrumbList\",\"@id\":\"https:\\\/\\\/www.stephanus-voices.de\\\/index.php\\\/pressestimmen\\\/#breadcrumb\",\"itemListElement\":[{\"@type\":\"ListItem\",\"position\":1,\"name\":\"Start\",\"item\":\"https:\\\/\\\/www.stephanus-voices.de\\\/\"},{\"@type\":\"ListItem\",\"position\":2,\"name\":\"Baustein Pressestimmen\"}]},{\"@type\":\"WebSite\",\"@id\":\"https:\\\/\\\/www.stephanus-voices.de\\\/#website\",\"url\":\"https:\\\/\\\/www.stephanus-voices.de\\\/\",\"name\":\"Gospelchor Stephanus Voices\",\"description\":\"Mitrei\u00dfender Gospelgesang aus M\u00fcnchen mit mehr als 50 singenden und swingenden Stimmen. Gefragter Chor f\u00fcr Hochzeiten, Taufen und Events.\",\"potentialAction\":[{\"@type\":\"SearchAction\",\"target\":{\"@type\":\"EntryPoint\",\"urlTemplate\":\"https:\\\/\\\/www.stephanus-voices.de\\\/?s={search_term_string}\"},\"query-input\":{\"@type\":\"PropertyValueSpecification\",\"valueRequired\":true,\"valueName\":\"search_term_string\"}}],\"inLanguage\":\"de\"}]}<\/script>\n<!-- \/ Yoast SEO plugin. -->","yoast_head_json":{"title":"Baustein Pressestimmen - Gospelchor Stephanus Voices","robots":{"index":"index","follow":"follow","max-snippet":"max-snippet:-1","max-image-preview":"max-image-preview:large","max-video-preview":"max-video-preview:-1"},"canonical":"https:\/\/www.stephanus-voices.de\/index.php\/pressestimmen\/","og_locale":"de_DE","og_type":"article","og_title":"Baustein Pressestimmen - Gospelchor Stephanus Voices","og_url":"https:\/\/www.stephanus-voices.de\/index.php\/pressestimmen\/","og_site_name":"Gospelchor Stephanus Voices","article_publisher":"https:\/\/www.facebook.com\/StephanusVoices\/","article_modified_time":"2021-06-02T22:31:41+00:00","twitter_card":"summary_large_image","twitter_misc":{"Gesch\u00e4tzte Lesezeit":"4\u00a0Minuten"},"schema":{"@context":"https:\/\/schema.org","@graph":[{"@type":"WebPage","@id":"https:\/\/www.stephanus-voices.de\/index.php\/pressestimmen\/","url":"https:\/\/www.stephanus-voices.de\/index.php\/pressestimmen\/","name":"Baustein Pressestimmen - Gospelchor Stephanus Voices","isPartOf":{"@id":"https:\/\/www.stephanus-voices.de\/#website"},"datePublished":"2021-04-28T08:50:44+00:00","dateModified":"2021-06-02T22:31:41+00:00","breadcrumb":{"@id":"https:\/\/www.stephanus-voices.de\/index.php\/pressestimmen\/#breadcrumb"},"inLanguage":"de","potentialAction":[{"@type":"ReadAction","target":["https:\/\/www.stephanus-voices.de\/index.php\/pressestimmen\/"]}]},{"@type":"BreadcrumbList","@id":"https:\/\/www.stephanus-voices.de\/index.php\/pressestimmen\/#breadcrumb","itemListElement":[{"@type":"ListItem","position":1,"name":"Start","item":"https:\/\/www.stephanus-voices.de\/"},{"@type":"ListItem","position":2,"name":"Baustein Pressestimmen"}]},{"@type":"WebSite","@id":"https:\/\/www.stephanus-voices.de\/#website","url":"https:\/\/www.stephanus-voices.de\/","name":"Gospelchor Stephanus Voices","description":"Mitrei\u00dfender Gospelgesang aus M\u00fcnchen mit mehr als 50 singenden und swingenden Stimmen. Gefragter Chor f\u00fcr Hochzeiten, Taufen und Events.","potentialAction":[{"@type":"SearchAction","target":{"@type":"EntryPoint","urlTemplate":"https:\/\/www.stephanus-voices.de\/?s={search_term_string}"},"query-input":{"@type":"PropertyValueSpecification","valueRequired":true,"valueName":"search_term_string"}}],"inLanguage":"de"}]}},"_links":{"self":[{"href":"https:\/\/www.stephanus-voices.de\/index.php\/wp-json\/wp\/v2\/pages\/183","targetHints":{"allow":["GET"]}}],"collection":[{"href":"https:\/\/www.stephanus-voices.de\/index.php\/wp-json\/wp\/v2\/pages"}],"about":[{"href":"https:\/\/www.stephanus-voices.de\/index.php\/wp-json\/wp\/v2\/types\/page"}],"author":[{"embeddable":true,"href":"https:\/\/www.stephanus-voices.de\/index.php\/wp-json\/wp\/v2\/users\/1"}],"replies":[{"embeddable":true,"href":"https:\/\/www.stephanus-voices.de\/index.php\/wp-json\/wp\/v2\/comments?post=183"}],"version-history":[{"count":39,"href":"https:\/\/www.stephanus-voices.de\/index.php\/wp-json\/wp\/v2\/pages\/183\/revisions"}],"predecessor-version":[{"id":923,"href":"https:\/\/www.stephanus-voices.de\/index.php\/wp-json\/wp\/v2\/pages\/183\/revisions\/923"}],"wp:attachment":[{"href":"https:\/\/www.stephanus-voices.de\/index.php\/wp-json\/wp\/v2\/media?parent=183"}],"curies":[{"name":"wp","href":"https:\/\/api.w.org\/{rel}","templated":true}]}}