{"id":351,"date":"2021-04-29T17:03:14","date_gmt":"2021-04-29T15:03:14","guid":{"rendered":"https:\/\/voices.tauschinski.com\/?page_id=351"},"modified":"2021-06-18T23:36:48","modified_gmt":"2021-06-18T21:36:48","slug":"impressum","status":"publish","type":"page","link":"https:\/\/www.stephanus-voices.de\/index.php\/impressum\/","title":{"rendered":"Impressum"},"content":{"rendered":"<div  class=\"tatsu-gq10cjfwdufuag5z tatsu-section  tatsu-bg-overlay   tatsu-clearfix\" data-title=\"\"  data-headerscheme=\"background--dark\"><div class='tatsu-section-pad clearfix' data-padding='{\"d\":\"2% 0% 4% 0%\"}' data-padding-top='2%'><div class=\"tatsu-row-wrap  tatsu-wrap tatsu-row-one-col tatsu-row-has-one-cols tatsu-medium-gutter tatsu-reg-cols  tatsu-clearfix tatsu-gq10cjfwi1aj4mph\" ><div  class=\"tatsu-row \" ><div  class=\"tatsu-column  tatsu-bg-overlay tatsu-one-col tatsu-column-image-none tatsu-column-effect-none  tatsu-gq10cjfwlv3h8fxh\"  data-parallax-speed=\"0\" style=\"\"><div class=\"tatsu-column-inner \" ><div class=\"tatsu-column-pad-wrap\"><div class=\"tatsu-column-pad\" ><div  class=\"tatsu-module tatsu-text-block-wrap tatsu-gq10cjfwovob6  \"><div class=\"tatsu-text-inner tatsu-align-center  clearfix\" ><style>.tatsu-gq10cjfwovob6.tatsu-text-block-wrap .tatsu-text-inner{width: 100%;text-align: left;}<\/style>\n<h2>Impressum<\/h2>\n<h3>Angaben gem\u00e4\u00df \u00a7 5 TMG<\/h3>\n<p>Stephanus Voices, Gospelchor der Evang.-Luth. Stephanuskirche<br \/>Nibelungenstra\u00dfe 51<br \/>80639 M\u00fcnchen<\/p>\n<p><strong>Vertreten durch:<\/strong><br \/>Hermann Bethke, gesch\u00e4ftsf\u00fchrender Pfarrer<\/p>\n<h3>Kontakt<\/h3>\n<p>Telefon: 089-171450-0<br \/>Telefax: 089-171450-99<br \/><a href=\"mailto:mail-sv@stephanus-voices.de\">E-Mail schreiben<\/a><\/p>\n<h3>Redaktionell verantwortlich<\/h3>\n<p>Ralph Hollender<br \/><a href=\"https:\/\/www.stephanus-voices.de\/index.php\/kontakt\/\">Kontakt\u00a0<\/a><\/p>\n<h3>Quellenangaben f\u00fcr die verwendeten Fotos und Grafiken<\/h3>\n<p>Markus Neumann<br \/>Lothar Potthoff<br \/>Thomas Hauzenberger<\/p>\n<h3>Verbraucher\u00adstreit\u00adbeilegung\/Universal\u00adschlichtungs\u00adstelle<\/h3>\n<p>Wir sind nicht bereit oder verpflichtet, an Streitbeilegungsverfahren vor einer Verbraucherschlichtungsstelle teilzunehmen.<\/p>\n<h4>Haftung f\u00fcr Inhalte<\/h4>\n<p>Als Diensteanbieter sind wir gem\u00e4\u00df \u00a7 7 Abs.1 TMG f\u00fcr eigene Inhalte auf diesen Seiten nach den allgemeinen Gesetzen verantwortlich. Nach \u00a7\u00a7 8 bis 10 TMG sind wir als Diensteanbieter jedoch nicht verpflichtet, \u00fcbermittelte oder gespeicherte fremde Informationen zu \u00fcberwachen oder nach Umst\u00e4nden zu forschen, die auf eine rechtswidrige T\u00e4tigkeit hinweisen.<\/p>\n<p>Verpflichtungen zur Entfernung oder Sperrung der Nutzung von Informationen nach den allgemeinen Gesetzen bleiben hiervon unber\u00fchrt. Eine diesbez\u00fcgliche Haftung ist jedoch erst ab dem Zeitpunkt der Kenntnis einer konkreten Rechtsverletzung m\u00f6glich. Bei Bekanntwerden von entsprechenden Rechtsverletzungen werden wir diese Inhalte umgehend entfernen.<\/p>\n<h4>Haftung f\u00fcr Links<\/h4>\n<p>Unser Angebot enth\u00e4lt Links zu externen Websites Dritter, auf deren Inhalte wir keinen Einfluss haben. Deshalb k\u00f6nnen wir f\u00fcr diese fremden Inhalte auch keine Gew\u00e4hr \u00fcbernehmen. F\u00fcr die Inhalte der verlinkten Seiten ist stets der jeweilige Anbieter oder Betreiber der Seiten verantwortlich. Die verlinkten Seiten wurden zum Zeitpunkt der Verlinkung auf m\u00f6gliche Rechtsverst\u00f6\u00dfe \u00fcberpr\u00fcft. Rechtswidrige Inhalte waren zum Zeitpunkt der Verlinkung nicht erkennbar.<\/p>\n<p>Eine permanente inhaltliche Kontrolle der verlinkten Seiten ist jedoch ohne konkrete Anhaltspunkte einer Rechtsverletzung nicht zumutbar. Bei Bekanntwerden von Rechtsverletzungen werden wir derartige Links umgehend entfernen.<\/p>\n<h4>Urheberrecht<\/h4>\n<p>Die durch die Seitenbetreiber erstellten Inhalte und Werke auf diesen Seiten unterliegen dem deutschen Urheberrecht. Die Vervielf\u00e4ltigung, Bearbeitung, Verbreitung und jede Art der Verwertung au\u00dferhalb der Grenzen des Urheberrechtes bed\u00fcrfen der schriftlichen Zustimmung des jeweiligen Autors bzw. Erstellers. Downloads und Kopien dieser Seite sind nur f\u00fcr den privaten, nicht kommerziellen Gebrauch gestattet.<\/p>\n<p>Soweit die Inhalte auf dieser Seite nicht vom Betreiber erstellt wurden, werden die Urheberrechte Dritter beachtet. Insbesondere werden Inhalte Dritter als solche gekennzeichnet. Sollten Sie trotzdem auf eine Urheberrechtsverletzung aufmerksam werden, bitten wir um einen entsprechenden Hinweis. Bei Bekanntwerden von Rechtsverletzungen werden wir derartige Inhalte umgehend entfernen.<\/p>\n<p>Quelle: <a href=\"https:\/\/www.e-recht24.de\">https:\/\/www.e-recht24.de<\/a><\/p>\n<\/div><\/div><\/div><\/div><div class = \"tatsu-column-bg-image-wrap\"><div class = \"tatsu-column-bg-image\" ><\/div><\/div><div class=\"tatsu-overlay tatsu-column-overlay tatsu-animate-none\" ><\/div><\/div><style>.tatsu-row > .tatsu-gq10cjfwlv3h8fxh.tatsu-column{width: 100%;}.tatsu-gq10cjfwlv3h8fxh.tatsu-column > .tatsu-column-inner > .tatsu-column-overlay{mix-blend-mode: normal;}.tatsu-gq10cjfwlv3h8fxh > .tatsu-column-inner > .tatsu-top-divider{z-index: 9999;}.tatsu-gq10cjfwlv3h8fxh > .tatsu-column-inner > .tatsu-bottom-divider{z-index: 9999;}.tatsu-gq10cjfwlv3h8fxh > .tatsu-column-inner > .tatsu-left-divider{z-index: 9999;}.tatsu-gq10cjfwlv3h8fxh > .tatsu-column-inner > .tatsu-right-divider{z-index: 9999;}<\/style><\/div><\/div><\/div><\/div><div class=\"tatsu-section-background-wrap\"><div class = \"tatsu-section-background\" ><\/div><\/div><div class=\"tatsu-overlay tatsu-section-overlay\"><\/div><style>.tatsu-gq10cjfwdufuag5z .tatsu-section-pad{padding: 2% 0% 4% 0%;}.tatsu-gq10cjfwdufuag5z > .tatsu-bottom-divider{z-index: 9999;}.tatsu-gq10cjfwdufuag5z > .tatsu-top-divider{z-index: 9999;}.tatsu-gq10cjfwdufuag5z .tatsu-section-overlay{mix-blend-mode: normal;}<\/style><\/div>\n","protected":false},"excerpt":{"rendered":"<p><a href=\"https:\/\/www.stephanus-voices.de\/index.php\/impressum\/\" class=\"more-link style1-button\">Weiterlesen<\/a><\/p>","protected":false},"author":1,"featured_media":0,"parent":0,"menu_order":0,"comment_status":"closed","ping_status":"open","template":"","meta":{"footnotes":""},"class_list":["post-351","page","type-page","status-publish","hentry"],"yoast_head":"<!-- This site is optimized with the Yoast SEO plugin v27.5 - https:\/\/yoast.com\/product\/yoast-seo-wordpress\/ -->\n<title>Impressum - Gospelchor Stephanus Voices<\/title>\n<meta name=\"robots\" content=\"index, follow, max-snippet:-1, max-image-preview:large, max-video-preview:-1\" \/>\n<link rel=\"canonical\" href=\"https:\/\/www.stephanus-voices.de\/index.php\/impressum\/\" \/>\n<meta property=\"og:locale\" content=\"de_DE\" \/>\n<meta property=\"og:type\" content=\"article\" \/>\n<meta property=\"og:title\" content=\"Impressum - Gospelchor Stephanus Voices\" \/>\n<meta property=\"og:url\" content=\"https:\/\/www.stephanus-voices.de\/index.php\/impressum\/\" \/>\n<meta property=\"og:site_name\" content=\"Gospelchor Stephanus Voices\" \/>\n<meta property=\"article:publisher\" content=\"https:\/\/www.facebook.com\/StephanusVoices\/\" \/>\n<meta property=\"article:modified_time\" content=\"2021-06-18T21:36:48+00:00\" \/>\n<meta name=\"twitter:card\" content=\"summary_large_image\" \/>\n<meta name=\"twitter:label1\" content=\"Gesch\u00e4tzte Lesezeit\" \/>\n\t<meta name=\"twitter:data1\" content=\"5\u00a0Minuten\" \/>\n<script type=\"application\/ld+json\" class=\"yoast-schema-graph\">{\"@context\":\"https:\\\/\\\/schema.org\",\"@graph\":[{\"@type\":\"WebPage\",\"@id\":\"https:\\\/\\\/www.stephanus-voices.de\\\/index.php\\\/impressum\\\/\",\"url\":\"https:\\\/\\\/www.stephanus-voices.de\\\/index.php\\\/impressum\\\/\",\"name\":\"Impressum - Gospelchor Stephanus Voices\",\"isPartOf\":{\"@id\":\"https:\\\/\\\/www.stephanus-voices.de\\\/#website\"},\"datePublished\":\"2021-04-29T15:03:14+00:00\",\"dateModified\":\"2021-06-18T21:36:48+00:00\",\"breadcrumb\":{\"@id\":\"https:\\\/\\\/www.stephanus-voices.de\\\/index.php\\\/impressum\\\/#breadcrumb\"},\"inLanguage\":\"de\",\"potentialAction\":[{\"@type\":\"ReadAction\",\"target\":[\"https:\\\/\\\/www.stephanus-voices.de\\\/index.php\\\/impressum\\\/\"]}]},{\"@type\":\"BreadcrumbList\",\"@id\":\"https:\\\/\\\/www.stephanus-voices.de\\\/index.php\\\/impressum\\\/#breadcrumb\",\"itemListElement\":[{\"@type\":\"ListItem\",\"position\":1,\"name\":\"Start\",\"item\":\"https:\\\/\\\/www.stephanus-voices.de\\\/\"},{\"@type\":\"ListItem\",\"position\":2,\"name\":\"Impressum\"}]},{\"@type\":\"WebSite\",\"@id\":\"https:\\\/\\\/www.stephanus-voices.de\\\/#website\",\"url\":\"https:\\\/\\\/www.stephanus-voices.de\\\/\",\"name\":\"Gospelchor Stephanus Voices\",\"description\":\"Mitrei\u00dfender Gospelgesang aus M\u00fcnchen mit mehr als 50 singenden und swingenden Stimmen. Gefragter Chor f\u00fcr Hochzeiten, Taufen und Events.\",\"potentialAction\":[{\"@type\":\"SearchAction\",\"target\":{\"@type\":\"EntryPoint\",\"urlTemplate\":\"https:\\\/\\\/www.stephanus-voices.de\\\/?s={search_term_string}\"},\"query-input\":{\"@type\":\"PropertyValueSpecification\",\"valueRequired\":true,\"valueName\":\"search_term_string\"}}],\"inLanguage\":\"de\"}]}<\/script>\n<!-- \/ Yoast SEO plugin. -->","yoast_head_json":{"title":"Impressum - Gospelchor Stephanus Voices","robots":{"index":"index","follow":"follow","max-snippet":"max-snippet:-1","max-image-preview":"max-image-preview:large","max-video-preview":"max-video-preview:-1"},"canonical":"https:\/\/www.stephanus-voices.de\/index.php\/impressum\/","og_locale":"de_DE","og_type":"article","og_title":"Impressum - Gospelchor Stephanus Voices","og_url":"https:\/\/www.stephanus-voices.de\/index.php\/impressum\/","og_site_name":"Gospelchor Stephanus Voices","article_publisher":"https:\/\/www.facebook.com\/StephanusVoices\/","article_modified_time":"2021-06-18T21:36:48+00:00","twitter_card":"summary_large_image","twitter_misc":{"Gesch\u00e4tzte Lesezeit":"5\u00a0Minuten"},"schema":{"@context":"https:\/\/schema.org","@graph":[{"@type":"WebPage","@id":"https:\/\/www.stephanus-voices.de\/index.php\/impressum\/","url":"https:\/\/www.stephanus-voices.de\/index.php\/impressum\/","name":"Impressum - Gospelchor Stephanus Voices","isPartOf":{"@id":"https:\/\/www.stephanus-voices.de\/#website"},"datePublished":"2021-04-29T15:03:14+00:00","dateModified":"2021-06-18T21:36:48+00:00","breadcrumb":{"@id":"https:\/\/www.stephanus-voices.de\/index.php\/impressum\/#breadcrumb"},"inLanguage":"de","potentialAction":[{"@type":"ReadAction","target":["https:\/\/www.stephanus-voices.de\/index.php\/impressum\/"]}]},{"@type":"BreadcrumbList","@id":"https:\/\/www.stephanus-voices.de\/index.php\/impressum\/#breadcrumb","itemListElement":[{"@type":"ListItem","position":1,"name":"Start","item":"https:\/\/www.stephanus-voices.de\/"},{"@type":"ListItem","position":2,"name":"Impressum"}]},{"@type":"WebSite","@id":"https:\/\/www.stephanus-voices.de\/#website","url":"https:\/\/www.stephanus-voices.de\/","name":"Gospelchor Stephanus Voices","description":"Mitrei\u00dfender Gospelgesang aus M\u00fcnchen mit mehr als 50 singenden und swingenden Stimmen. Gefragter Chor f\u00fcr Hochzeiten, Taufen und Events.","potentialAction":[{"@type":"SearchAction","target":{"@type":"EntryPoint","urlTemplate":"https:\/\/www.stephanus-voices.de\/?s={search_term_string}"},"query-input":{"@type":"PropertyValueSpecification","valueRequired":true,"valueName":"search_term_string"}}],"inLanguage":"de"}]}},"_links":{"self":[{"href":"https:\/\/www.stephanus-voices.de\/index.php\/wp-json\/wp\/v2\/pages\/351","targetHints":{"allow":["GET"]}}],"collection":[{"href":"https:\/\/www.stephanus-voices.de\/index.php\/wp-json\/wp\/v2\/pages"}],"about":[{"href":"https:\/\/www.stephanus-voices.de\/index.php\/wp-json\/wp\/v2\/types\/page"}],"author":[{"embeddable":true,"href":"https:\/\/www.stephanus-voices.de\/index.php\/wp-json\/wp\/v2\/users\/1"}],"replies":[{"embeddable":true,"href":"https:\/\/www.stephanus-voices.de\/index.php\/wp-json\/wp\/v2\/comments?post=351"}],"version-history":[{"count":15,"href":"https:\/\/www.stephanus-voices.de\/index.php\/wp-json\/wp\/v2\/pages\/351\/revisions"}],"predecessor-version":[{"id":999,"href":"https:\/\/www.stephanus-voices.de\/index.php\/wp-json\/wp\/v2\/pages\/351\/revisions\/999"}],"wp:attachment":[{"href":"https:\/\/www.stephanus-voices.de\/index.php\/wp-json\/wp\/v2\/media?parent=351"}],"curies":[{"name":"wp","href":"https:\/\/api.w.org\/{rel}","templated":true}]}}