{"id":852,"date":"2021-05-31T21:35:51","date_gmt":"2021-05-31T19:35:51","guid":{"rendered":"https:\/\/voices.tauschinski.com\/?page_id=852"},"modified":"2025-01-28T17:53:43","modified_gmt":"2025-01-28T16:53:43","slug":"hoerproben-mobile","status":"publish","type":"page","link":"https:\/\/www.stephanus-voices.de\/index.php\/hoerproben-mobile\/","title":{"rendered":"H\u00f6rproben Mobile"},"content":{"rendered":"<div  class=\"tatsu-BkQJXoBv_ tatsu-section  tatsu-bg-overlay   tatsu-clearfix\" data-title=\"\"  data-headerscheme=\"background--dark\"><div class='tatsu-section-pad clearfix' data-padding='{\"d\":\"4% 0px 4% 0px\"}' data-padding-top='4%'><div class=\"tatsu-row-wrap  tatsu-wrap tatsu-row-one-col tatsu-row-has-one-cols tatsu-medium-gutter tatsu-reg-cols  tatsu-clearfix tatsu-SklmkQjrP_\" ><div  class=\"tatsu-row \" ><div  class=\"tatsu-column  tatsu-bg-overlay tatsu-one-col tatsu-column-image-none tatsu-column-effect-none  tatsu-SyWQ1QorvO\"  data-parallax-speed=\"0\" style=\"\"><div class=\"tatsu-column-inner \" ><div class=\"tatsu-column-pad-wrap\"><div class=\"tatsu-column-pad\" ><div  class=\"tatsu-module tatsu-text-block-wrap tatsu-B1M7J7sBvu  \"><div class=\"tatsu-text-inner tatsu-align-center  clearfix\" ><style>.tatsu-B1M7J7sBvu.tatsu-text-block-wrap .tatsu-text-inner{width: 100%;text-align: left;}<\/style>\n<h2 class=\"art-postheader\" style=\"text-align: center;\">H\u00f6rprobe gef\u00e4llig?<\/h2>\n<\/div><\/div><div  class=\"tatsu-module tatsu-text-block-wrap tatsu-r17QkmoBvu  \"><div class=\"tatsu-text-inner tatsu-align-center  clearfix\" ><style>.tatsu-r17QkmoBvu.tatsu-text-block-wrap .tatsu-text-inner{width: 100%;text-align: left;}<\/style>\n<p class=\"western\" lang=\"de-DE\"><span style=\"font-family: Calibri, serif;\">Das umfangreiche Repertoire der Stephanus Voices umfasst nicht nur Gospels und Spirituals. Auch alte und neue Pop-Klassiker oder internationale Weihnachtslieder geh\u00f6ren dazu.<\/span><\/p>\n<h6>Lasst euch von unseren H\u00f6rbeispielen \u00fcberzeugen!<\/h6>\n<\/div><\/div><div id = \"\" class=\"tatsu-code tatsu-module tatsu-rJF_52zq_   \"  ><iframe loading=\"lazy\" width=\"100%\" height=\"580\" scrolling=\"no\" frameborder=\"no\" allow=\"autoplay\" src=\"https:\/\/w.soundcloud.com\/player\/?url=https%3A\/\/api.soundcloud.com\/playlists\/260282676&#038;color=%23ff5500&#038;auto_play=false&#038;hide_related=false&#038;show_comments=true&#038;show_user=true&#038;show_reposts=false&#038;show_teaser=true\"><\/iframe><\/p>\n<div style=\"font-size: 10px; color: #cccccc;line-break: anywhere;word-break: normal;overflow: hidden;white-space: nowrap;text-overflow: ellipsis; font-family: Interstate,Lucida Grande,Lucida Sans Unicode,Lucida Sans,Garuda,Verdana,Tahoma,sans-serif;font-weight: 100;\"><a href=\"https:\/\/soundcloud.com\/user-47361198\" title=\"Stephanus Voices Gospel Choir\" target=\"_blank\" style=\"color: #cccccc; text-decoration: none;\" rel=\"noopener\">Stephanus Voices Gospel Choir<\/a> \u00b7 <a href=\"https:\/\/soundcloud.com\/user-47361198\/sets\/stephanus-voices\" title=\"H\u00f6rproben\" target=\"_blank\" style=\"color: #cccccc; text-decoration: none;\" rel=\"noopener\">H\u00f6rproben<\/a><\/div>\n<\/div><\/div><\/div><div class = \"tatsu-column-bg-image-wrap\"><div class = \"tatsu-column-bg-image\" ><\/div><\/div><div class=\"tatsu-overlay tatsu-column-overlay tatsu-animate-none\" ><\/div><\/div><style>.tatsu-row > .tatsu-SyWQ1QorvO.tatsu-column{width: 100%;}.tatsu-SyWQ1QorvO.tatsu-column > .tatsu-column-inner > .tatsu-column-overlay{mix-blend-mode: normal;}.tatsu-SyWQ1QorvO > .tatsu-column-inner > .tatsu-top-divider{z-index: 9999;}.tatsu-SyWQ1QorvO > .tatsu-column-inner > .tatsu-bottom-divider{z-index: 9999;}.tatsu-SyWQ1QorvO > .tatsu-column-inner > .tatsu-left-divider{z-index: 9999;}.tatsu-SyWQ1QorvO > .tatsu-column-inner > .tatsu-right-divider{z-index: 9999;}@media only screen and (max-width:1377px) {.tatsu-row > .tatsu-SyWQ1QorvO.tatsu-column{width: 100%;}}@media only screen and (min-width:768px) and (max-width: 1024px) {.tatsu-row > .tatsu-SyWQ1QorvO.tatsu-column{width: 100%;}}@media only screen and (max-width: 767px) {.tatsu-row > .tatsu-SyWQ1QorvO.tatsu-column{width: 100%;}}<\/style><\/div><\/div><\/div><\/div><div class=\"tatsu-section-background-wrap\"><div class = \"tatsu-section-background\" ><\/div><\/div><div class=\"tatsu-overlay tatsu-section-overlay\"><\/div><style>.tatsu-BkQJXoBv_ .tatsu-section-pad{padding: 4% 0px 4% 0px;}.tatsu-BkQJXoBv_ .tatsu-section-offset-wrap{transform: translateY(-0px);}.tatsu-BkQJXoBv_ > .tatsu-bottom-divider{z-index: 9999;}.tatsu-BkQJXoBv_ > .tatsu-top-divider{z-index: 9999;}.tatsu-BkQJXoBv_ .tatsu-section-overlay{mix-blend-mode: normal;}<\/style><\/div>\n","protected":false},"excerpt":{"rendered":"<p><a href=\"https:\/\/www.stephanus-voices.de\/index.php\/hoerproben-mobile\/\" class=\"more-link style1-button\">Weiterlesen<\/a><\/p>","protected":false},"author":5,"featured_media":0,"parent":0,"menu_order":0,"comment_status":"closed","ping_status":"closed","template":"","meta":{"footnotes":""},"class_list":["post-852","page","type-page","status-publish","hentry"],"yoast_head":"<!-- This site is optimized with the Yoast SEO plugin v27.5 - https:\/\/yoast.com\/product\/yoast-seo-wordpress\/ -->\n<title>H\u00f6rproben Mobile - Gospelchor Stephanus Voices<\/title>\n<meta name=\"robots\" content=\"index, follow, max-snippet:-1, max-image-preview:large, max-video-preview:-1\" \/>\n<link rel=\"canonical\" href=\"https:\/\/www.stephanus-voices.de\/index.php\/hoerproben-mobile\/\" \/>\n<meta property=\"og:locale\" content=\"de_DE\" \/>\n<meta property=\"og:type\" content=\"article\" \/>\n<meta property=\"og:title\" content=\"H\u00f6rproben Mobile - Gospelchor Stephanus Voices\" \/>\n<meta property=\"og:url\" content=\"https:\/\/www.stephanus-voices.de\/index.php\/hoerproben-mobile\/\" \/>\n<meta property=\"og:site_name\" content=\"Gospelchor Stephanus Voices\" \/>\n<meta property=\"article:publisher\" content=\"https:\/\/www.facebook.com\/StephanusVoices\/\" \/>\n<meta property=\"article:modified_time\" content=\"2025-01-28T16:53:43+00:00\" \/>\n<meta name=\"twitter:card\" content=\"summary_large_image\" \/>\n<meta name=\"twitter:label1\" content=\"Gesch\u00e4tzte Lesezeit\" \/>\n\t<meta name=\"twitter:data1\" content=\"4\u00a0Minuten\" \/>\n<script type=\"application\/ld+json\" class=\"yoast-schema-graph\">{\"@context\":\"https:\\\/\\\/schema.org\",\"@graph\":[{\"@type\":\"WebPage\",\"@id\":\"https:\\\/\\\/www.stephanus-voices.de\\\/index.php\\\/hoerproben-mobile\\\/\",\"url\":\"https:\\\/\\\/www.stephanus-voices.de\\\/index.php\\\/hoerproben-mobile\\\/\",\"name\":\"H\u00f6rproben Mobile - Gospelchor Stephanus Voices\",\"isPartOf\":{\"@id\":\"https:\\\/\\\/www.stephanus-voices.de\\\/#website\"},\"datePublished\":\"2021-05-31T19:35:51+00:00\",\"dateModified\":\"2025-01-28T16:53:43+00:00\",\"breadcrumb\":{\"@id\":\"https:\\\/\\\/www.stephanus-voices.de\\\/index.php\\\/hoerproben-mobile\\\/#breadcrumb\"},\"inLanguage\":\"de\",\"potentialAction\":[{\"@type\":\"ReadAction\",\"target\":[\"https:\\\/\\\/www.stephanus-voices.de\\\/index.php\\\/hoerproben-mobile\\\/\"]}]},{\"@type\":\"BreadcrumbList\",\"@id\":\"https:\\\/\\\/www.stephanus-voices.de\\\/index.php\\\/hoerproben-mobile\\\/#breadcrumb\",\"itemListElement\":[{\"@type\":\"ListItem\",\"position\":1,\"name\":\"Start\",\"item\":\"https:\\\/\\\/www.stephanus-voices.de\\\/\"},{\"@type\":\"ListItem\",\"position\":2,\"name\":\"H\u00f6rproben Mobile\"}]},{\"@type\":\"WebSite\",\"@id\":\"https:\\\/\\\/www.stephanus-voices.de\\\/#website\",\"url\":\"https:\\\/\\\/www.stephanus-voices.de\\\/\",\"name\":\"Gospelchor Stephanus Voices\",\"description\":\"Mitrei\u00dfender Gospelgesang aus M\u00fcnchen mit mehr als 50 singenden und swingenden Stimmen. Gefragter Chor f\u00fcr Hochzeiten, Taufen und Events.\",\"potentialAction\":[{\"@type\":\"SearchAction\",\"target\":{\"@type\":\"EntryPoint\",\"urlTemplate\":\"https:\\\/\\\/www.stephanus-voices.de\\\/?s={search_term_string}\"},\"query-input\":{\"@type\":\"PropertyValueSpecification\",\"valueRequired\":true,\"valueName\":\"search_term_string\"}}],\"inLanguage\":\"de\"}]}<\/script>\n<!-- \/ Yoast SEO plugin. -->","yoast_head_json":{"title":"H\u00f6rproben Mobile - Gospelchor Stephanus Voices","robots":{"index":"index","follow":"follow","max-snippet":"max-snippet:-1","max-image-preview":"max-image-preview:large","max-video-preview":"max-video-preview:-1"},"canonical":"https:\/\/www.stephanus-voices.de\/index.php\/hoerproben-mobile\/","og_locale":"de_DE","og_type":"article","og_title":"H\u00f6rproben Mobile - Gospelchor Stephanus Voices","og_url":"https:\/\/www.stephanus-voices.de\/index.php\/hoerproben-mobile\/","og_site_name":"Gospelchor Stephanus Voices","article_publisher":"https:\/\/www.facebook.com\/StephanusVoices\/","article_modified_time":"2025-01-28T16:53:43+00:00","twitter_card":"summary_large_image","twitter_misc":{"Gesch\u00e4tzte Lesezeit":"4\u00a0Minuten"},"schema":{"@context":"https:\/\/schema.org","@graph":[{"@type":"WebPage","@id":"https:\/\/www.stephanus-voices.de\/index.php\/hoerproben-mobile\/","url":"https:\/\/www.stephanus-voices.de\/index.php\/hoerproben-mobile\/","name":"H\u00f6rproben Mobile - Gospelchor Stephanus Voices","isPartOf":{"@id":"https:\/\/www.stephanus-voices.de\/#website"},"datePublished":"2021-05-31T19:35:51+00:00","dateModified":"2025-01-28T16:53:43+00:00","breadcrumb":{"@id":"https:\/\/www.stephanus-voices.de\/index.php\/hoerproben-mobile\/#breadcrumb"},"inLanguage":"de","potentialAction":[{"@type":"ReadAction","target":["https:\/\/www.stephanus-voices.de\/index.php\/hoerproben-mobile\/"]}]},{"@type":"BreadcrumbList","@id":"https:\/\/www.stephanus-voices.de\/index.php\/hoerproben-mobile\/#breadcrumb","itemListElement":[{"@type":"ListItem","position":1,"name":"Start","item":"https:\/\/www.stephanus-voices.de\/"},{"@type":"ListItem","position":2,"name":"H\u00f6rproben Mobile"}]},{"@type":"WebSite","@id":"https:\/\/www.stephanus-voices.de\/#website","url":"https:\/\/www.stephanus-voices.de\/","name":"Gospelchor Stephanus Voices","description":"Mitrei\u00dfender Gospelgesang aus M\u00fcnchen mit mehr als 50 singenden und swingenden Stimmen. Gefragter Chor f\u00fcr Hochzeiten, Taufen und Events.","potentialAction":[{"@type":"SearchAction","target":{"@type":"EntryPoint","urlTemplate":"https:\/\/www.stephanus-voices.de\/?s={search_term_string}"},"query-input":{"@type":"PropertyValueSpecification","valueRequired":true,"valueName":"search_term_string"}}],"inLanguage":"de"}]}},"_links":{"self":[{"href":"https:\/\/www.stephanus-voices.de\/index.php\/wp-json\/wp\/v2\/pages\/852","targetHints":{"allow":["GET"]}}],"collection":[{"href":"https:\/\/www.stephanus-voices.de\/index.php\/wp-json\/wp\/v2\/pages"}],"about":[{"href":"https:\/\/www.stephanus-voices.de\/index.php\/wp-json\/wp\/v2\/types\/page"}],"author":[{"embeddable":true,"href":"https:\/\/www.stephanus-voices.de\/index.php\/wp-json\/wp\/v2\/users\/5"}],"replies":[{"embeddable":true,"href":"https:\/\/www.stephanus-voices.de\/index.php\/wp-json\/wp\/v2\/comments?post=852"}],"version-history":[{"count":7,"href":"https:\/\/www.stephanus-voices.de\/index.php\/wp-json\/wp\/v2\/pages\/852\/revisions"}],"predecessor-version":[{"id":1746,"href":"https:\/\/www.stephanus-voices.de\/index.php\/wp-json\/wp\/v2\/pages\/852\/revisions\/1746"}],"wp:attachment":[{"href":"https:\/\/www.stephanus-voices.de\/index.php\/wp-json\/wp\/v2\/media?parent=852"}],"curies":[{"name":"wp","href":"https:\/\/api.w.org\/{rel}","templated":true}]}}