{"id":917,"date":"2021-06-03T00:18:23","date_gmt":"2021-06-02T22:18:23","guid":{"rendered":"https:\/\/voices.tauschinski.com\/?page_id=917"},"modified":"2021-06-03T00:20:20","modified_gmt":"2021-06-02T22:20:20","slug":"links","status":"publish","type":"page","link":"https:\/\/www.stephanus-voices.de\/index.php\/links\/","title":{"rendered":"Links"},"content":{"rendered":"<div  class=\"tatsu-Bk-wDLJPDO tatsu-section  tatsu-parallax tatsu-section-custom-height tatsu-bg-overlay   tatsu-clearfix\" data-title=\"\"  data-headerscheme=\"background--dark\"><div class = \"tatsu-custom-height-wrap\"><div class='tatsu-section-pad clearfix' data-padding='{\"d\":\"0px 20px 20px 0px\"}' data-padding-top='0px'><div class=\"tatsu-row-wrap  tatsu-row-full-width tatsu-row-one-col tatsu-row-has-one-cols tatsu-medium-gutter tatsu-reg-cols  tatsu-clearfix tatsu-rJlPPLJvP_\" ><div  class=\"tatsu-row \" ><div  class=\"tatsu-column  tatsu-bg-overlay tatsu-one-col tatsu-column-image-none tatsu-column-effect-none  tatsu-S1DDIkDPd\"  data-parallax-speed=\"0\" style=\"\"><div class=\"tatsu-column-inner \" ><div class=\"tatsu-column-pad-wrap\"><div class=\"tatsu-column-pad\" ><div  class=\"tatsu-module tatsu-text-block-wrap tatsu-Hktggd-dO  \"><div class=\"tatsu-text-inner tatsu-align-center  clearfix\" ><style>.tatsu-Hktggd-dO.tatsu-text-block-wrap .tatsu-text-inner{width: 100%;text-align: left;}<\/style>\n<p style=\"text-align: right;\"><span style=\"color: #ffffff; font-size: 8pt;\">Foto \u00a9 Lothar Potthoff<\/span><\/p>\n<\/div><\/div><\/div><\/div><div class = \"tatsu-column-bg-image-wrap\"><div class = \"tatsu-column-bg-image\" ><\/div><\/div><div class=\"tatsu-overlay tatsu-column-overlay tatsu-animate-none\" ><\/div><\/div><style>.tatsu-row > .tatsu-S1DDIkDPd.tatsu-column{width: 100%;}.tatsu-S1DDIkDPd.tatsu-column > .tatsu-column-inner > .tatsu-column-overlay{mix-blend-mode: normal;}.tatsu-S1DDIkDPd > .tatsu-column-inner > .tatsu-top-divider{z-index: 9999;}.tatsu-S1DDIkDPd > .tatsu-column-inner > .tatsu-bottom-divider{z-index: 9999;}.tatsu-S1DDIkDPd > .tatsu-column-inner > .tatsu-left-divider{z-index: 9999;}.tatsu-S1DDIkDPd > .tatsu-column-inner > .tatsu-right-divider{z-index: 9999;}@media only screen and (max-width:1377px) {.tatsu-row > .tatsu-S1DDIkDPd.tatsu-column{width: 100%;}}@media only screen and (min-width:768px) and (max-width: 1024px) {.tatsu-row > .tatsu-S1DDIkDPd.tatsu-column{width: 100%;}}@media only screen and (max-width: 767px) {.tatsu-row > .tatsu-S1DDIkDPd.tatsu-column{width: 100%;}}<\/style><\/div><\/div><\/div><\/div><div class=\"tatsu-section-background-wrap tatsu-parallax-element-wrap\"><div class = \"tatsu-section-background tatsu-parallax-element\" ><\/div><\/div><div class=\"tatsu-overlay tatsu-section-overlay\"><\/div><\/div><style>.tatsu-Bk-wDLJPDO .tatsu-section-background{background-image: url(https:\/\/www.stephanus-voices.de\/wp-content\/uploads\/hintergrund-chor2.jpg);background-repeat: no-repeat;background-attachment: scroll;background-position: center center;background-size: cover;}.tatsu-Bk-wDLJPDO .tatsu-bg-blur{background-repeat: no-repeat;background-attachment: scroll;background-position: center center;background-size: cover;}.tatsu-Bk-wDLJPDO .tatsu-section-pad{padding: 0px 20px 20px 0px;}.tatsu-Bk-wDLJPDO .tatsu-section-offset-wrap{transform: translateY(-0px);}.tatsu-Bk-wDLJPDO > .tatsu-bottom-divider{z-index: 9999;}.tatsu-Bk-wDLJPDO > .tatsu-top-divider{z-index: 9999;}.tatsu-Bk-wDLJPDO .tatsu-section-overlay{mix-blend-mode: normal;}.tatsu-Bk-wDLJPDO .tatsu-custom-height-wrap{align-items: flex-end;min-height: 50vh;}<\/style><\/div><div  class=\"tatsu-S1z68JvP_ tatsu-section  tatsu-section-custom-height tatsu-bg-overlay   tatsu-clearfix\" data-title=\"\"  data-headerscheme=\"background--dark\"><div class = \"tatsu-custom-height-wrap\"><div class='tatsu-section-pad clearfix' data-padding='{\"d\":\"4% 0px 4% 0px\"}' data-padding-top='4%'><div class=\"tatsu-row-wrap  tatsu-wrap tatsu-row-one-col tatsu-row-has-one-cols tatsu-medium-gutter tatsu-reg-cols  tatsu-clearfix tatsu-SJeMpUJPPu\" ><div  class=\"tatsu-row \" ><div  class=\"tatsu-column  tatsu-bg-overlay tatsu-one-col tatsu-column-image-none tatsu-column-effect-none  tatsu-By-fTI1vvd\"  data-parallax-speed=\"0\" style=\"\"><div class=\"tatsu-column-inner \" ><div class=\"tatsu-column-pad-wrap\"><div class=\"tatsu-column-pad\" ><div  class=\"tatsu-module tatsu-text-block-wrap tatsu-BkXmvt0vu  \"><div class=\"tatsu-text-inner tatsu-align-center  clearfix\" ><style>.tatsu-BkXmvt0vu.tatsu-text-block-wrap .tatsu-text-inner{width: 100%;text-align: left;padding: 15px 0px 0px 0px;border-style: dotted;border-width: 1px 0px 0px 0px;}<\/style>\n<h2 style=\"text-align: center;\">Weitere n\u00fctzliche Links<\/h2>\n<\/div><\/div><div class=\"tatsu-row-wrap  tatsu-row-has-four-cols tatsu-medium-gutter tatsu-reg-cols tatsu-inner-row-wrap  tatsu-clearfix tatsu-HJxTOE7Wd_\" ><style>.tatsu-HJxTOE7Wd_ > .tatsu-row{margin-top: 0px;}.tatsu-HJxTOE7Wd_.tatsu-row-wrap > .tatsu-row{margin-bottom: 30px;}<\/style><div  class=\"tatsu-row \" ><div  class=\"tatsu-column  tatsu-bg-overlay tatsu-one-fourth tatsu-column-image- tatsu-column-effect-  tatsu-SJWtEQbdO\"  data-parallax-speed=\"0\" style=\"\"><div class=\"tatsu-column-inner \" ><div class=\"tatsu-column-pad-wrap\"><div class=\"tatsu-column-pad\" ><div  class=\"tatsu-module tatsu-text-block-wrap tatsu-ryCddkDv_  \"><div class=\"tatsu-text-inner tatsu-align-center  clearfix\" ><style>.tatsu-ryCddkDv_.tatsu-text-block-wrap .tatsu-text-inner{width: 100%;text-align: left;}<\/style>\n<p><strong>Ch\u00f6re in M\u00fcnchen<\/strong><br \/>\nEin tolles Verzeichnis \u00fcber Ch\u00f6re in M\u00fcnchen und Umgebung<br \/>\n<a title=\"Choere in Muenchen und Umgebung\" href=\"https:\/\/www.singeninm\u00fcnchen.de\" target=\"_blank\" rel=\"noopener\">https:\/\/www.singeninm\u00fcnchen.de<\/a><\/p>\n<\/div><\/div><\/div><\/div><div class = \"tatsu-column-bg-image-wrap\"><div class = \"tatsu-column-bg-image\" ><\/div><\/div><div class=\"tatsu-overlay tatsu-column-overlay tatsu-animate-none\" ><\/div><\/div><style>.tatsu-row > .tatsu-SJWtEQbdO.tatsu-column{width: 25%;}.tatsu-SJWtEQbdO.tatsu-column > .tatsu-column-inner > .tatsu-column-overlay{mix-blend-mode: normal;}.tatsu-SJWtEQbdO > .tatsu-column-inner > .tatsu-top-divider{z-index: 9999;}.tatsu-SJWtEQbdO > .tatsu-column-inner > .tatsu-bottom-divider{z-index: 9999;}.tatsu-SJWtEQbdO > .tatsu-column-inner > .tatsu-left-divider{z-index: 9999;}.tatsu-SJWtEQbdO > .tatsu-column-inner > .tatsu-right-divider{z-index: 9999;}@media only screen and (max-width:1377px) {.tatsu-row > .tatsu-SJWtEQbdO.tatsu-column{width: 25%;}}@media only screen and (min-width:768px) and (max-width: 1024px) {.tatsu-row > .tatsu-SJWtEQbdO.tatsu-column{width: 25%;}}@media only screen and (max-width: 767px) {.tatsu-row > .tatsu-SJWtEQbdO.tatsu-column{width: 100%;}}<\/style><\/div><div  class=\"tatsu-column  tatsu-bg-overlay tatsu-one-fourth tatsu-column-image- tatsu-column-effect-  tatsu-SyebFE7bOd\"  data-parallax-speed=\"0\" style=\"\"><div class=\"tatsu-column-inner \" ><div class=\"tatsu-column-pad-wrap\"><div class=\"tatsu-column-pad\" ><div  class=\"tatsu-module tatsu-text-block-wrap tatsu-S1DtEX-d_  \"><div class=\"tatsu-text-inner tatsu-align-center  clearfix\" ><style>.tatsu-S1DtEX-d_.tatsu-text-block-wrap .tatsu-text-inner{width: 100%;text-align: left;}<\/style>\n<p><strong>Musikgottesdienste mit Gospel in M\u00fcnchen<br \/>\n<\/strong>Einmal im Monat, jeweils im Winterhalbjahr, stehen in der Kirche St. Markus Gospelmusik, melodische Bandrhythmen, Songs zum Mitsingen und eine besondere Abendmahlsfeier im Mittelpunkt.<br \/>\n<a href=\"https:\/\/markuskirche-muenchen.de\/musikgottesdienst\" target=\"_blank\" rel=\"noopener\">https:\/\/markuskirche-muenchen.de\/musikgottesdienst<\/a><\/p>\n<\/div><\/div><\/div><\/div><div class = \"tatsu-column-bg-image-wrap\"><div class = \"tatsu-column-bg-image\" ><\/div><\/div><div class=\"tatsu-overlay tatsu-column-overlay tatsu-animate-none\" ><\/div><\/div><style>.tatsu-row > .tatsu-SyebFE7bOd.tatsu-column{width: 25%;}.tatsu-SyebFE7bOd.tatsu-column > .tatsu-column-inner > .tatsu-column-overlay{mix-blend-mode: normal;}.tatsu-SyebFE7bOd > .tatsu-column-inner > .tatsu-top-divider{z-index: 9999;}.tatsu-SyebFE7bOd > .tatsu-column-inner > .tatsu-bottom-divider{z-index: 9999;}.tatsu-SyebFE7bOd > .tatsu-column-inner > .tatsu-left-divider{z-index: 9999;}.tatsu-SyebFE7bOd > .tatsu-column-inner > .tatsu-right-divider{z-index: 9999;}@media only screen and (max-width:1377px) {.tatsu-row > .tatsu-SyebFE7bOd.tatsu-column{width: 25%;}}@media only screen and (min-width:768px) and (max-width: 1024px) {.tatsu-row > .tatsu-SyebFE7bOd.tatsu-column{width: 25%;}}@media only screen and (max-width: 767px) {.tatsu-row > .tatsu-SyebFE7bOd.tatsu-column{width: 100%;}}<\/style><\/div><div  class=\"tatsu-column  tatsu-bg-overlay tatsu-one-fourth tatsu-column-image- tatsu-column-effect-  tatsu-S1bZY4Q-_u\"  data-parallax-speed=\"0\" style=\"\"><div class=\"tatsu-column-inner \" ><div class=\"tatsu-column-pad-wrap\"><div class=\"tatsu-column-pad\" ><div  class=\"tatsu-module tatsu-text-block-wrap tatsu-H1PcVXW_O  \"><div class=\"tatsu-text-inner tatsu-align-center  clearfix\" ><style>.tatsu-H1PcVXW_O.tatsu-text-block-wrap .tatsu-text-inner{width: 100%;text-align: left;}.tatsu-H1PcVXW_O.tatsu-text-block-wrap{margin: 0px 0px 0px 0px;}<\/style>\n<p><strong>Verband f\u00fcr christliche Popularmusik in Bayern e. V.<\/strong><br \/>\nInfos rund um Konzerte, Workshops, Coaching, Adressen, Urheberrecht und mehr.<br \/>\n<a href=\"https:\/\/www.popularmusikverband.de\" target=\"_blank\" rel=\"noopener\">https:\/\/www.popularmusikverband.de<\/a><\/p>\n<\/div><\/div><\/div><\/div><div class = \"tatsu-column-bg-image-wrap\"><div class = \"tatsu-column-bg-image\" ><\/div><\/div><div class=\"tatsu-overlay tatsu-column-overlay tatsu-animate-none\" ><\/div><\/div><style>.tatsu-row > .tatsu-S1bZY4Q-_u.tatsu-column{width: 25%;}.tatsu-S1bZY4Q-_u.tatsu-column > .tatsu-column-inner > .tatsu-column-overlay{mix-blend-mode: normal;}.tatsu-S1bZY4Q-_u > .tatsu-column-inner > .tatsu-top-divider{z-index: 9999;}.tatsu-S1bZY4Q-_u > .tatsu-column-inner > .tatsu-bottom-divider{z-index: 9999;}.tatsu-S1bZY4Q-_u > .tatsu-column-inner > .tatsu-left-divider{z-index: 9999;}.tatsu-S1bZY4Q-_u > .tatsu-column-inner > .tatsu-right-divider{z-index: 9999;}@media only screen and (max-width:1377px) {.tatsu-row > .tatsu-S1bZY4Q-_u.tatsu-column{width: 25%;}}@media only screen and (min-width:768px) and (max-width: 1024px) {.tatsu-row > .tatsu-S1bZY4Q-_u.tatsu-column{width: 25%;}}@media only screen and (max-width: 767px) {.tatsu-row > .tatsu-S1bZY4Q-_u.tatsu-column{width: 100%;}}<\/style><\/div><div  class=\"tatsu-column  tatsu-bg-overlay tatsu-one-fourth tatsu-column-image- tatsu-column-effect-  tatsu-Skf-KVXZdO\"  data-parallax-speed=\"0\" style=\"\"><div class=\"tatsu-column-inner \" ><div class=\"tatsu-column-pad-wrap\"><div class=\"tatsu-column-pad\" ><div  class=\"tatsu-module tatsu-text-block-wrap tatsu-SyKAVXWOd  \"><div class=\"tatsu-text-inner tatsu-align-center  clearfix\" ><style>.tatsu-SyKAVXWOd.tatsu-text-block-wrap .tatsu-text-inner{width: 100%;text-align: left;}.tatsu-SyKAVXWOd.tatsu-text-block-wrap{margin: 0px 0px 0px 0px;}<\/style>\n<p><strong>Gospelradio<\/strong><br \/>\nGospelmusik rund um die Uhr bei gospelradio.de: Der Online-Gospel-Channel sendet Traditional &amp; Contemporary Gospel, Urban Praise &amp; Modern Gospel kostenlos. Dazu Infos \u00fcber Gospelevents im In-&nbsp;und Ausland.<br \/>\n<a href=\"http:\/\/www.gospelradio.de\/\" target=\"_blank\" rel=\"noopener\">www.gospelradio.de<\/a><\/p>\n<\/div><\/div><\/div><\/div><div class = \"tatsu-column-bg-image-wrap\"><div class = \"tatsu-column-bg-image\" ><\/div><\/div><div class=\"tatsu-overlay tatsu-column-overlay tatsu-animate-none\" ><\/div><\/div><style>.tatsu-row > .tatsu-Skf-KVXZdO.tatsu-column{width: 25%;}.tatsu-Skf-KVXZdO.tatsu-column > .tatsu-column-inner > .tatsu-column-overlay{mix-blend-mode: normal;}.tatsu-Skf-KVXZdO > .tatsu-column-inner > .tatsu-top-divider{z-index: 9999;}.tatsu-Skf-KVXZdO > .tatsu-column-inner > .tatsu-bottom-divider{z-index: 9999;}.tatsu-Skf-KVXZdO > .tatsu-column-inner > .tatsu-left-divider{z-index: 9999;}.tatsu-Skf-KVXZdO > .tatsu-column-inner > .tatsu-right-divider{z-index: 9999;}@media only screen and (max-width:1377px) {.tatsu-row > .tatsu-Skf-KVXZdO.tatsu-column{width: 25%;}}@media only screen and (min-width:768px) and (max-width: 1024px) {.tatsu-row > .tatsu-Skf-KVXZdO.tatsu-column{width: 25%;}}@media only screen and (max-width: 767px) {.tatsu-row > .tatsu-Skf-KVXZdO.tatsu-column{width: 100%;}}<\/style><\/div><\/div><\/div><\/div><\/div><div class = \"tatsu-column-bg-image-wrap\"><div class = \"tatsu-column-bg-image\" ><\/div><\/div><div class=\"tatsu-overlay tatsu-column-overlay tatsu-animate-none\" ><\/div><\/div><style>.tatsu-row > .tatsu-By-fTI1vvd.tatsu-column{width: 100%;}.tatsu-By-fTI1vvd.tatsu-column > .tatsu-column-inner > .tatsu-column-overlay{mix-blend-mode: normal;}.tatsu-By-fTI1vvd > .tatsu-column-inner > .tatsu-top-divider{z-index: 9999;}.tatsu-By-fTI1vvd > .tatsu-column-inner > .tatsu-bottom-divider{z-index: 9999;}.tatsu-By-fTI1vvd > .tatsu-column-inner > .tatsu-left-divider{z-index: 9999;}.tatsu-By-fTI1vvd > .tatsu-column-inner > .tatsu-right-divider{z-index: 9999;}@media only screen and (max-width:1377px) {.tatsu-row > .tatsu-By-fTI1vvd.tatsu-column{width: 100%;}}@media only screen and (min-width:768px) and (max-width: 1024px) {.tatsu-row > .tatsu-By-fTI1vvd.tatsu-column{width: 100%;}}@media only screen and (max-width: 767px) {.tatsu-row > .tatsu-By-fTI1vvd.tatsu-column{width: 100%;}}<\/style><\/div><\/div><\/div><\/div><div class=\"tatsu-section-background-wrap\"><div class = \"tatsu-section-background\" ><\/div><\/div><div class=\"tatsu-overlay tatsu-section-overlay\"><\/div><\/div><style>.tatsu-S1z68JvP_ .tatsu-section-pad{padding: 4% 0px 4% 0px;}.tatsu-S1z68JvP_ .tatsu-section-offset-wrap{transform: translateY(-0px);}.tatsu-S1z68JvP_ > .tatsu-bottom-divider{z-index: 9999;}.tatsu-S1z68JvP_ > .tatsu-top-divider{z-index: 9999;}.tatsu-S1z68JvP_ .tatsu-section-overlay{mix-blend-mode: normal;}.tatsu-S1z68JvP_ .tatsu-custom-height-wrap{align-items: center;min-height: 50vh;}<\/style><\/div>\n","protected":false},"excerpt":{"rendered":"<p><a href=\"https:\/\/www.stephanus-voices.de\/index.php\/links\/\" class=\"more-link style1-button\">Weiterlesen<\/a><\/p>","protected":false},"author":4,"featured_media":0,"parent":0,"menu_order":0,"comment_status":"closed","ping_status":"closed","template":"","meta":{"footnotes":""},"class_list":["post-917","page","type-page","status-publish","hentry"],"yoast_head":"<!-- This site is optimized with the Yoast SEO plugin v27.5 - https:\/\/yoast.com\/product\/yoast-seo-wordpress\/ -->\n<title>Links - Gospelchor Stephanus Voices<\/title>\n<meta name=\"robots\" content=\"index, follow, max-snippet:-1, max-image-preview:large, max-video-preview:-1\" \/>\n<link rel=\"canonical\" href=\"https:\/\/www.stephanus-voices.de\/index.php\/links\/\" \/>\n<meta property=\"og:locale\" content=\"de_DE\" \/>\n<meta property=\"og:type\" content=\"article\" \/>\n<meta property=\"og:title\" content=\"Links - Gospelchor Stephanus Voices\" \/>\n<meta property=\"og:url\" content=\"https:\/\/www.stephanus-voices.de\/index.php\/links\/\" \/>\n<meta property=\"og:site_name\" content=\"Gospelchor Stephanus Voices\" \/>\n<meta property=\"article:publisher\" content=\"https:\/\/www.facebook.com\/StephanusVoices\/\" \/>\n<meta property=\"article:modified_time\" content=\"2021-06-02T22:20:20+00:00\" \/>\n<meta name=\"twitter:card\" content=\"summary_large_image\" \/>\n<meta name=\"twitter:label1\" content=\"Gesch\u00e4tzte Lesezeit\" \/>\n\t<meta name=\"twitter:data1\" content=\"11\u00a0Minuten\" \/>\n<script type=\"application\/ld+json\" class=\"yoast-schema-graph\">{\"@context\":\"https:\\\/\\\/schema.org\",\"@graph\":[{\"@type\":\"WebPage\",\"@id\":\"https:\\\/\\\/www.stephanus-voices.de\\\/index.php\\\/links\\\/\",\"url\":\"https:\\\/\\\/www.stephanus-voices.de\\\/index.php\\\/links\\\/\",\"name\":\"Links - Gospelchor Stephanus Voices\",\"isPartOf\":{\"@id\":\"https:\\\/\\\/www.stephanus-voices.de\\\/#website\"},\"datePublished\":\"2021-06-02T22:18:23+00:00\",\"dateModified\":\"2021-06-02T22:20:20+00:00\",\"breadcrumb\":{\"@id\":\"https:\\\/\\\/www.stephanus-voices.de\\\/index.php\\\/links\\\/#breadcrumb\"},\"inLanguage\":\"de\",\"potentialAction\":[{\"@type\":\"ReadAction\",\"target\":[\"https:\\\/\\\/www.stephanus-voices.de\\\/index.php\\\/links\\\/\"]}]},{\"@type\":\"BreadcrumbList\",\"@id\":\"https:\\\/\\\/www.stephanus-voices.de\\\/index.php\\\/links\\\/#breadcrumb\",\"itemListElement\":[{\"@type\":\"ListItem\",\"position\":1,\"name\":\"Start\",\"item\":\"https:\\\/\\\/www.stephanus-voices.de\\\/\"},{\"@type\":\"ListItem\",\"position\":2,\"name\":\"Links\"}]},{\"@type\":\"WebSite\",\"@id\":\"https:\\\/\\\/www.stephanus-voices.de\\\/#website\",\"url\":\"https:\\\/\\\/www.stephanus-voices.de\\\/\",\"name\":\"Gospelchor Stephanus Voices\",\"description\":\"Mitrei\u00dfender Gospelgesang aus M\u00fcnchen mit mehr als 50 singenden und swingenden Stimmen. Gefragter Chor f\u00fcr Hochzeiten, Taufen und Events.\",\"potentialAction\":[{\"@type\":\"SearchAction\",\"target\":{\"@type\":\"EntryPoint\",\"urlTemplate\":\"https:\\\/\\\/www.stephanus-voices.de\\\/?s={search_term_string}\"},\"query-input\":{\"@type\":\"PropertyValueSpecification\",\"valueRequired\":true,\"valueName\":\"search_term_string\"}}],\"inLanguage\":\"de\"}]}<\/script>\n<!-- \/ Yoast SEO plugin. -->","yoast_head_json":{"title":"Links - Gospelchor Stephanus Voices","robots":{"index":"index","follow":"follow","max-snippet":"max-snippet:-1","max-image-preview":"max-image-preview:large","max-video-preview":"max-video-preview:-1"},"canonical":"https:\/\/www.stephanus-voices.de\/index.php\/links\/","og_locale":"de_DE","og_type":"article","og_title":"Links - Gospelchor Stephanus Voices","og_url":"https:\/\/www.stephanus-voices.de\/index.php\/links\/","og_site_name":"Gospelchor Stephanus Voices","article_publisher":"https:\/\/www.facebook.com\/StephanusVoices\/","article_modified_time":"2021-06-02T22:20:20+00:00","twitter_card":"summary_large_image","twitter_misc":{"Gesch\u00e4tzte Lesezeit":"11\u00a0Minuten"},"schema":{"@context":"https:\/\/schema.org","@graph":[{"@type":"WebPage","@id":"https:\/\/www.stephanus-voices.de\/index.php\/links\/","url":"https:\/\/www.stephanus-voices.de\/index.php\/links\/","name":"Links - Gospelchor Stephanus Voices","isPartOf":{"@id":"https:\/\/www.stephanus-voices.de\/#website"},"datePublished":"2021-06-02T22:18:23+00:00","dateModified":"2021-06-02T22:20:20+00:00","breadcrumb":{"@id":"https:\/\/www.stephanus-voices.de\/index.php\/links\/#breadcrumb"},"inLanguage":"de","potentialAction":[{"@type":"ReadAction","target":["https:\/\/www.stephanus-voices.de\/index.php\/links\/"]}]},{"@type":"BreadcrumbList","@id":"https:\/\/www.stephanus-voices.de\/index.php\/links\/#breadcrumb","itemListElement":[{"@type":"ListItem","position":1,"name":"Start","item":"https:\/\/www.stephanus-voices.de\/"},{"@type":"ListItem","position":2,"name":"Links"}]},{"@type":"WebSite","@id":"https:\/\/www.stephanus-voices.de\/#website","url":"https:\/\/www.stephanus-voices.de\/","name":"Gospelchor Stephanus Voices","description":"Mitrei\u00dfender Gospelgesang aus M\u00fcnchen mit mehr als 50 singenden und swingenden Stimmen. Gefragter Chor f\u00fcr Hochzeiten, Taufen und Events.","potentialAction":[{"@type":"SearchAction","target":{"@type":"EntryPoint","urlTemplate":"https:\/\/www.stephanus-voices.de\/?s={search_term_string}"},"query-input":{"@type":"PropertyValueSpecification","valueRequired":true,"valueName":"search_term_string"}}],"inLanguage":"de"}]}},"_links":{"self":[{"href":"https:\/\/www.stephanus-voices.de\/index.php\/wp-json\/wp\/v2\/pages\/917","targetHints":{"allow":["GET"]}}],"collection":[{"href":"https:\/\/www.stephanus-voices.de\/index.php\/wp-json\/wp\/v2\/pages"}],"about":[{"href":"https:\/\/www.stephanus-voices.de\/index.php\/wp-json\/wp\/v2\/types\/page"}],"author":[{"embeddable":true,"href":"https:\/\/www.stephanus-voices.de\/index.php\/wp-json\/wp\/v2\/users\/4"}],"replies":[{"embeddable":true,"href":"https:\/\/www.stephanus-voices.de\/index.php\/wp-json\/wp\/v2\/comments?post=917"}],"version-history":[{"count":4,"href":"https:\/\/www.stephanus-voices.de\/index.php\/wp-json\/wp\/v2\/pages\/917\/revisions"}],"predecessor-version":[{"id":921,"href":"https:\/\/www.stephanus-voices.de\/index.php\/wp-json\/wp\/v2\/pages\/917\/revisions\/921"}],"wp:attachment":[{"href":"https:\/\/www.stephanus-voices.de\/index.php\/wp-json\/wp\/v2\/media?parent=917"}],"curies":[{"name":"wp","href":"https:\/\/api.w.org\/{rel}","templated":true}]}}